{"id":38,"date":"2023-06-04T14:05:32","date_gmt":"2023-06-04T14:05:32","guid":{"rendered":"https:\/\/granville.araguariplaces.com\/about\/"},"modified":"2023-06-05T18:58:37","modified_gmt":"2023-06-05T18:58:37","slug":"about","status":"publish","type":"page","link":"https:\/\/granville.araguariplaces.com\/?page_id=38","title":{"rendered":"Sobre"},"content":{"rendered":"\n\n\n\n\n\n\n\n\n\n\n\n\n\n\n\n\n\n\n\n\n\n\n\n\n\n\n\n\n\n<h2>sobre<\/h2>\n\nA <strong>LUCOM<\/strong> Incorporadora em parceria com a CPA Empreendimentos e TENCO Constru\u00e7\u00f5es e Urbanismo lan\u00e7aram no dia 12 de dezembro de 2013 na cidade de Araguari-MG, o Loteamento GranVille. Localizado na continuidade da Av Minas Gerais, (zona Norte da Cidade) conta com infraestrutura completa.<br><p><\/p>\nO projeto urban\u00edstico do Loteamento GranVille I e II foi concebido pelo arquiteto e urbanista <strong>Alessandre Campos<\/strong> (CAU n\u00ba A42451-0).<br><br><strong>GranVille I<\/strong> com \u00e1rea total de 177.968,87 m\u00b2, possui 320 lotes (56,88% da \u00e1rea total), 3 \u00c1reas Institucionais (2,40% da \u00e1rea total), 2 \u00e1reas verdes (15,0% da \u00e1rea total). Os lotes s\u00e3o divididos em 15 quadras.&nbsp;<strong><br>GranVille II<\/strong> com \u00e1rea total&nbsp;101.120,47 m\u00b2 possui 156 lotes (57,51% da \u00e1rea total), 1 \u00c1rea Institucional (2,49% da \u00e1rea total), 1 \u00c1rea Verde (15,04% da \u00e1rea total). Os lotes s\u00e3o divididos em 8 Quadras.\n<p>As ruas (sentido norte-sul) receberam os nomes das vias j\u00e1 existentes do Bairro Ouro Verde, tais como: Rua Est\u00e1cio de S\u00e1, Av. Minas Gerais, Rua Sebasti\u00e3o Naves e Rua Piau\u00ed. As ruas (sentido leste-oeste) receberam nomes relacionados a capitais de outros pa\u00edses, tais como:&nbsp; Rua Madri, Rua Atenas, Rua Londres, Rua Roma, Rua Paris, com exce\u00e7\u00e3o da Avenida Belo Horizonte, que \u00e9 prolongamento da mesma Avenida do Bairro Santiago (sentido oeste) e que ligar\u00e1 o GranVille a Rua Jo\u00e3o Rodrigues da Cunha (sentido leste).<\/p>\n\n\n\n\n\nAvenida Belo Horizonte, Araguari\n\n\n\n\n\n\n\n\n\n\n\n\n\n\n\n\n\n\n\n\n","protected":false},"excerpt":{"rendered":"","protected":false},"author":0,"featured_media":0,"parent":0,"menu_order":0,"comment_status":"closed","ping_status":"closed","template":"","meta":{"pagelayer_contact_templates":[],"_pagelayer_content":"","footnotes":""},"class_list":["post-38","page","type-page","status-publish","hentry"],"_links":{"self":[{"href":"https:\/\/granville.araguariplaces.com\/index.php?rest_route=\/wp\/v2\/pages\/38","targetHints":{"allow":["GET"]}}],"collection":[{"href":"https:\/\/granville.araguariplaces.com\/index.php?rest_route=\/wp\/v2\/pages"}],"about":[{"href":"https:\/\/granville.araguariplaces.com\/index.php?rest_route=\/wp\/v2\/types\/page"}],"replies":[{"embeddable":true,"href":"https:\/\/granville.araguariplaces.com\/index.php?rest_route=%2Fwp%2Fv2%2Fcomments&post=38"}],"version-history":[{"count":8,"href":"https:\/\/granville.araguariplaces.com\/index.php?rest_route=\/wp\/v2\/pages\/38\/revisions"}],"predecessor-version":[{"id":174,"href":"https:\/\/granville.araguariplaces.com\/index.php?rest_route=\/wp\/v2\/pages\/38\/revisions\/174"}],"wp:attachment":[{"href":"https:\/\/granville.araguariplaces.com\/index.php?rest_route=%2Fwp%2Fv2%2Fmedia&parent=38"}],"curies":[{"name":"wp","href":"https:\/\/api.w.org\/{rel}","templated":true}]}}